{"id":4139,"date":"2025-08-05T15:48:44","date_gmt":"2025-08-05T13:48:44","guid":{"rendered":"https:\/\/www.drivejamp.com\/proteccions\/"},"modified":"2025-12-17T08:19:19","modified_gmt":"2025-12-17T07:19:19","slug":"proteccions","status":"publish","type":"page","link":"https:\/\/www.drivejamp.com\/ca\/proteccions\/","title":{"rendered":"Proteccions"},"content":{"rendered":"\t\t<div data-elementor-type=\"wp-page\" data-elementor-id=\"4139\" class=\"elementor elementor-4139 elementor-3936\">\n\t\t\t\t<div class=\"elementor-element elementor-element-5a0916d1 e-flex e-con-boxed e-con e-parent\" data-id=\"5a0916d1\" data-element_type=\"container\">\n\t\t\t\t\t<div class=\"e-con-inner\">\n\t\t\t\t<div class=\"elementor-element elementor-element-4fc15d51 elementor-widget elementor-widget-text-editor\" data-id=\"4fc15d51\" data-element_type=\"widget\" data-widget_type=\"text-editor.default\">\n\t\t\t\t<div class=\"elementor-widget-container\">\n\t\t\t\t\t\t\t\t\t<style>\n\/* Estils per a Escriptori *\/\n.jamp-legal-table {\n    width: 100%;\n    border-collapse: collapse;\n    margin-bottom: 20px;\n    border: 1px solid #ddd;\n}\n.jamp-legal-table th, .jamp-legal-table td {\n    padding: 12px;\n    border: 1px solid #ddd;\n    text-align: left;\n    vertical-align: top;\n}\n.jamp-legal-table th {\n    background-color: #f4f4f4;\n    font-weight: bold;\n}\n\n\/* Estils M\u00d2BILS: Transforma la taula en blocs de lectura vertical *\/\n@media screen and (max-width: 600px) {\n    .jamp-legal-table thead {\n        display: none; \/* Oculta els encap\u00e7alaments tradicionals en m\u00f2bil *\/\n    }\n    .jamp-legal-table tr {\n        display: block;\n        margin-bottom: 20px;\n        border: 2px solid #ddd;\n    }\n    .jamp-legal-table td {\n        display: block;\n        text-align: right;\n        padding-left: 50%;\n        position: relative;\n        border-bottom: 1px solid #eee;\n    }\n    \/* Afegeix les etiquetes autom\u00e0ticament a l'esquerra en catal\u00e0 *\/\n    .jamp-legal-table td::before {\n        content: attr(data-label);\n        position: absolute;\n        left: 10px;\n        width: 45%;\n        padding-right: 10px;\n        white-space: nowrap;\n        text-align: left;\n        font-weight: bold;\n    }\n    .jamp-legal-table td:last-child {\n        border-bottom: 0;\n    }\n}\n<\/style>\n\n<h2>Proteccions per al teu lloguer amb Jamp<\/h2>\n<p>A Jamp volem que condueixes amb total tranquil\u00b7litat. Per aix\u00f2, t\u2019oferim una opci\u00f3 de protecci\u00f3 que et permet reduir la teva responsabilitat econ\u00f2mica en cas de danys al vehicle durant la teva reserva.<\/p>\n\n<h3>Opcions de protecci\u00f3 disponibles<\/h3>\n\n<table class=\"jamp-legal-table\">\n  <thead>\n    <tr>\n      <th>Tipus<\/th>\n      <th>\u20ac\/dia<\/th>\n      <th>Franqu\u00edcia<\/th>\n      <th>Cobertura<\/th>\n    <\/tr>\n  <\/thead>\n  <tbody>\n    <tr>\n      <td data-label=\"Tipus\" style=\"background-color: #f9f9f9;\"><strong>Sense protecci\u00f3<\/strong><\/td>\n      <td data-label=\"\u20ac\/dia\">Incl\u00f2s (0 \u20ac)<\/td>\n      <td data-label=\"Franqu\u00edcia\">1500 \u20ac<\/td>\n      <td data-label=\"Cobertura\">Et responsabilitzes dels costos fins a un m\u00e0xim de 1500\u20ac en cas de danys.<\/td>\n    <\/tr>\n    <tr>\n      <td data-label=\"Tipus\" style=\"background-color: #f9f9f9;\"><strong>Protecci\u00f3 Total<\/strong><\/td>\n      <td data-label=\"\u20ac\/dia\">20 \u20ac\/dia<\/td>\n      <td data-label=\"Franqu\u00edcia\">0 \u20ac<\/td>\n      <td data-label=\"Cobertura\">Amb aquesta opci\u00f3, la teva responsabilitat es redueix a 0 \u20ac . Jamp cobreix la totalitat dels danys o robatori segons condicions.<\/td>\n    <\/tr>\n  <\/tbody>\n<\/table>\n\n<h3>Qu\u00e8 cobreix la protecci\u00f3 total?<\/h3>\n<ul>\n    <li>Danys a la carrosseria, retrovisors, parabrises i finestres.<\/li>\n    <li>Danys per intent de robatori o robatori.<\/li>\n    <li>Cost de substituci\u00f3 en cas de robatori total (amb den\u00fancia pr\u00e8via a la policia).<\/li>\n    <li>Danys en aparcament o maniobres.<\/li>\n<\/ul>\n\n<p><strong>No inclou:<\/strong> Danys causats per neglig\u00e8ncia greu, conducci\u00f3 sota efectes de l\u2019alcohol o drogues, \u00fas inadequat (per exemple, fora de carretera asfaltada), incompliment de les condicions d\u2019\u00fas i les normes de tr\u00e0nsit, si no ets el conductor autoritzat i les multes que es puguin ocasionar.<\/p>\n\n<h3>Preguntes freq\u00fcents<\/h3>\n\n<p><strong>Puc contractar la protecci\u00f3 m\u00e9s tard?<\/strong><br>\nLa protecci\u00f3 nom\u00e9s es pot afegir abans de comen\u00e7ar la reserva.<\/p>\n\n<p>Un cop comencis el viatge, no podr\u00e0s modificar l\u2019opci\u00f3 escollida.<\/p>\n\n<p><strong>Qu\u00e8 passa si no contracto cap protecci\u00f3 i tinc un accident?<\/strong><br>\nAssumir\u00e0s el cost dels danys fins a un m\u00e0xim de 1500\u20ac .<\/p>\n\n<p><strong>Com es cobren els danys?<\/strong><br>\nRevisem les fotos d\u2019inici i final de reserva.<\/p>\n\n<p>T\u2019informarem abans de fer cap c\u00e0rrec amb proves visuals i registre de reserva.<\/p>\n\n<p>La peritaci\u00f3 dels danys es fa al nostre taller propi o a taller autoritzat; en funci\u00f3 de la severitat.<\/p>\n\n<p><strong>Hi ha protecci\u00f3 per a pneum\u00e0tics o vidres?<\/strong><br>\nSi, estan inclosos en la protecci\u00f3 total .<\/p>\t\t\t\t\t\t\t\t<\/div>\n\t\t\t\t<\/div>\n\t\t\t\t\t<\/div>\n\t\t\t\t<\/div>\n\t\t\t\t<\/div>\n\t\t","protected":false},"excerpt":{"rendered":"<p>Proteccions per al teu lloguer amb Jamp A Jamp volem que condueixes amb total tranquil\u00b7litat. Per aix\u00f2, t\u2019oferim una opci\u00f3 [&hellip;]<\/p>\n","protected":false},"author":1,"featured_media":0,"parent":0,"menu_order":0,"comment_status":"closed","ping_status":"closed","template":"","meta":{"site-sidebar-layout":"default","site-content-layout":"","ast-site-content-layout":"default","site-content-style":"default","site-sidebar-style":"default","ast-global-header-display":"","ast-banner-title-visibility":"","ast-main-header-display":"","ast-hfb-above-header-display":"","ast-hfb-below-header-display":"","ast-hfb-mobile-header-display":"","site-post-title":"","ast-breadcrumbs-content":"","ast-featured-img":"","footer-sml-layout":"","theme-transparent-header-meta":"","adv-header-id-meta":"","stick-header-meta":"","header-above-stick-meta":"","header-main-stick-meta":"","header-below-stick-meta":"","astra-migrate-meta-layouts":"default","ast-page-background-enabled":"default","ast-page-background-meta":{"desktop":{"background-color":"var(--ast-global-color-4)","background-image":"","background-repeat":"repeat","background-position":"center center","background-size":"auto","background-attachment":"scroll","background-type":"","background-media":"","overlay-type":"","overlay-color":"","overlay-opacity":"","overlay-gradient":""},"tablet":{"background-color":"","background-image":"","background-repeat":"repeat","background-position":"center center","background-size":"auto","background-attachment":"scroll","background-type":"","background-media":"","overlay-type":"","overlay-color":"","overlay-opacity":"","overlay-gradient":""},"mobile":{"background-color":"","background-image":"","background-repeat":"repeat","background-position":"center center","background-size":"auto","background-attachment":"scroll","background-type":"","background-media":"","overlay-type":"","overlay-color":"","overlay-opacity":"","overlay-gradient":""}},"ast-content-background-meta":{"desktop":{"background-color":"var(--ast-global-color-5)","background-image":"","background-repeat":"repeat","background-position":"center center","background-size":"auto","background-attachment":"scroll","background-type":"","background-media":"","overlay-type":"","overlay-color":"","overlay-opacity":"","overlay-gradient":""},"tablet":{"background-color":"var(--ast-global-color-5)","background-image":"","background-repeat":"repeat","background-position":"center center","background-size":"auto","background-attachment":"scroll","background-type":"","background-media":"","overlay-type":"","overlay-color":"","overlay-opacity":"","overlay-gradient":""},"mobile":{"background-color":"var(--ast-global-color-5)","background-image":"","background-repeat":"repeat","background-position":"center center","background-size":"auto","background-attachment":"scroll","background-type":"","background-media":"","overlay-type":"","overlay-color":"","overlay-opacity":"","overlay-gradient":""}},"footnotes":""},"class_list":["post-4139","page","type-page","status-publish","hentry"],"yoast_head":"<!-- This site is optimized with the Yoast SEO plugin v27.1.1 - https:\/\/yoast.com\/product\/yoast-seo-wordpress\/ -->\n<title>Proteccions - Jamp<\/title>\n<meta name=\"robots\" content=\"index, follow, max-snippet:-1, max-image-preview:large, max-video-preview:-1\" \/>\n<link rel=\"canonical\" href=\"https:\/\/www.drivejamp.com\/ca\/proteccions\/\" \/>\n<meta property=\"og:locale\" content=\"ca_ES\" \/>\n<meta property=\"og:type\" content=\"article\" \/>\n<meta property=\"og:title\" content=\"Proteccions - Jamp\" \/>\n<meta property=\"og:description\" content=\"Proteccions per al teu lloguer amb Jamp A Jamp volem que condueixes amb total tranquil\u00b7litat. Per aix\u00f2, t\u2019oferim una opci\u00f3 [&hellip;]\" \/>\n<meta property=\"og:url\" content=\"https:\/\/www.drivejamp.com\/ca\/proteccions\/\" \/>\n<meta property=\"og:site_name\" content=\"Jamp\" \/>\n<meta property=\"article:modified_time\" content=\"2025-12-17T07:19:19+00:00\" \/>\n<meta name=\"twitter:card\" content=\"summary_large_image\" \/>\n<script type=\"application\/ld+json\" class=\"yoast-schema-graph\">{\"@context\":\"https:\/\/schema.org\",\"@graph\":[{\"@type\":\"WebPage\",\"@id\":\"https:\/\/www.drivejamp.com\/ca\/proteccions\/\",\"url\":\"https:\/\/www.drivejamp.com\/ca\/proteccions\/\",\"name\":\"Proteccions - Jamp\",\"isPartOf\":{\"@id\":\"https:\/\/www.drivejamp.com\/ca\/#website\"},\"datePublished\":\"2025-08-05T13:48:44+00:00\",\"dateModified\":\"2025-12-17T07:19:19+00:00\",\"breadcrumb\":{\"@id\":\"https:\/\/www.drivejamp.com\/ca\/proteccions\/#breadcrumb\"},\"inLanguage\":\"ca\",\"potentialAction\":[{\"@type\":\"ReadAction\",\"target\":[\"https:\/\/www.drivejamp.com\/ca\/proteccions\/\"]}]},{\"@type\":\"BreadcrumbList\",\"@id\":\"https:\/\/www.drivejamp.com\/ca\/proteccions\/#breadcrumb\",\"itemListElement\":[{\"@type\":\"ListItem\",\"position\":1,\"name\":\"Portada\",\"item\":\"https:\/\/www.drivejamp.com\/ca\/\"},{\"@type\":\"ListItem\",\"position\":2,\"name\":\"Proteccions\"}]},{\"@type\":\"WebSite\",\"@id\":\"https:\/\/www.drivejamp.com\/ca\/#website\",\"url\":\"https:\/\/www.drivejamp.com\/ca\/\",\"name\":\"Jamp\",\"description\":\"Alquila tu coche cuando lo necesites\",\"publisher\":{\"@id\":\"https:\/\/www.drivejamp.com\/ca\/#organization\"},\"potentialAction\":[{\"@type\":\"SearchAction\",\"target\":{\"@type\":\"EntryPoint\",\"urlTemplate\":\"https:\/\/www.drivejamp.com\/ca\/?s={search_term_string}\"},\"query-input\":{\"@type\":\"PropertyValueSpecification\",\"valueRequired\":true,\"valueName\":\"search_term_string\"}}],\"inLanguage\":\"ca\"},{\"@type\":\"Organization\",\"@id\":\"https:\/\/www.drivejamp.com\/ca\/#organization\",\"name\":\"Jamp\",\"url\":\"https:\/\/www.drivejamp.com\/ca\/\",\"logo\":{\"@type\":\"ImageObject\",\"inLanguage\":\"ca\",\"@id\":\"https:\/\/www.drivejamp.com\/ca\/#\/schema\/logo\/image\/\",\"url\":\"https:\/\/www.drivejamp.com\/wp-content\/uploads\/2025\/07\/jamp-logo-1.png\",\"contentUrl\":\"https:\/\/www.drivejamp.com\/wp-content\/uploads\/2025\/07\/jamp-logo-1.png\",\"width\":328,\"height\":133,\"caption\":\"Jamp\"},\"image\":{\"@id\":\"https:\/\/www.drivejamp.com\/ca\/#\/schema\/logo\/image\/\"}}]}<\/script>\n<!-- \/ Yoast SEO plugin. -->","yoast_head_json":{"title":"Proteccions - Jamp","robots":{"index":"index","follow":"follow","max-snippet":"max-snippet:-1","max-image-preview":"max-image-preview:large","max-video-preview":"max-video-preview:-1"},"canonical":"https:\/\/www.drivejamp.com\/ca\/proteccions\/","og_locale":"ca_ES","og_type":"article","og_title":"Proteccions - Jamp","og_description":"Proteccions per al teu lloguer amb Jamp A Jamp volem que condueixes amb total tranquil\u00b7litat. Per aix\u00f2, t\u2019oferim una opci\u00f3 [&hellip;]","og_url":"https:\/\/www.drivejamp.com\/ca\/proteccions\/","og_site_name":"Jamp","article_modified_time":"2025-12-17T07:19:19+00:00","twitter_card":"summary_large_image","schema":{"@context":"https:\/\/schema.org","@graph":[{"@type":"WebPage","@id":"https:\/\/www.drivejamp.com\/ca\/proteccions\/","url":"https:\/\/www.drivejamp.com\/ca\/proteccions\/","name":"Proteccions - Jamp","isPartOf":{"@id":"https:\/\/www.drivejamp.com\/ca\/#website"},"datePublished":"2025-08-05T13:48:44+00:00","dateModified":"2025-12-17T07:19:19+00:00","breadcrumb":{"@id":"https:\/\/www.drivejamp.com\/ca\/proteccions\/#breadcrumb"},"inLanguage":"ca","potentialAction":[{"@type":"ReadAction","target":["https:\/\/www.drivejamp.com\/ca\/proteccions\/"]}]},{"@type":"BreadcrumbList","@id":"https:\/\/www.drivejamp.com\/ca\/proteccions\/#breadcrumb","itemListElement":[{"@type":"ListItem","position":1,"name":"Portada","item":"https:\/\/www.drivejamp.com\/ca\/"},{"@type":"ListItem","position":2,"name":"Proteccions"}]},{"@type":"WebSite","@id":"https:\/\/www.drivejamp.com\/ca\/#website","url":"https:\/\/www.drivejamp.com\/ca\/","name":"Jamp","description":"Alquila tu coche cuando lo necesites","publisher":{"@id":"https:\/\/www.drivejamp.com\/ca\/#organization"},"potentialAction":[{"@type":"SearchAction","target":{"@type":"EntryPoint","urlTemplate":"https:\/\/www.drivejamp.com\/ca\/?s={search_term_string}"},"query-input":{"@type":"PropertyValueSpecification","valueRequired":true,"valueName":"search_term_string"}}],"inLanguage":"ca"},{"@type":"Organization","@id":"https:\/\/www.drivejamp.com\/ca\/#organization","name":"Jamp","url":"https:\/\/www.drivejamp.com\/ca\/","logo":{"@type":"ImageObject","inLanguage":"ca","@id":"https:\/\/www.drivejamp.com\/ca\/#\/schema\/logo\/image\/","url":"https:\/\/www.drivejamp.com\/wp-content\/uploads\/2025\/07\/jamp-logo-1.png","contentUrl":"https:\/\/www.drivejamp.com\/wp-content\/uploads\/2025\/07\/jamp-logo-1.png","width":328,"height":133,"caption":"Jamp"},"image":{"@id":"https:\/\/www.drivejamp.com\/ca\/#\/schema\/logo\/image\/"}}]}},"_links":{"self":[{"href":"https:\/\/www.drivejamp.com\/ca\/wp-json\/wp\/v2\/pages\/4139","targetHints":{"allow":["GET"]}}],"collection":[{"href":"https:\/\/www.drivejamp.com\/ca\/wp-json\/wp\/v2\/pages"}],"about":[{"href":"https:\/\/www.drivejamp.com\/ca\/wp-json\/wp\/v2\/types\/page"}],"author":[{"embeddable":true,"href":"https:\/\/www.drivejamp.com\/ca\/wp-json\/wp\/v2\/users\/1"}],"replies":[{"embeddable":true,"href":"https:\/\/www.drivejamp.com\/ca\/wp-json\/wp\/v2\/comments?post=4139"}],"version-history":[{"count":20,"href":"https:\/\/www.drivejamp.com\/ca\/wp-json\/wp\/v2\/pages\/4139\/revisions"}],"predecessor-version":[{"id":4558,"href":"https:\/\/www.drivejamp.com\/ca\/wp-json\/wp\/v2\/pages\/4139\/revisions\/4558"}],"wp:attachment":[{"href":"https:\/\/www.drivejamp.com\/ca\/wp-json\/wp\/v2\/media?parent=4139"}],"curies":[{"name":"wp","href":"https:\/\/api.w.org\/{rel}","templated":true}]}}