{"id":4147,"date":"2025-07-21T13:00:08","date_gmt":"2025-07-21T11:00:08","guid":{"rendered":"https:\/\/www.drivejamp.com\/politica-de-privacitat\/"},"modified":"2026-03-05T08:32:58","modified_gmt":"2026-03-05T07:32:58","slug":"politica-privacitat","status":"publish","type":"page","link":"https:\/\/www.drivejamp.com\/ca\/politica-privacitat\/","title":{"rendered":"Pol\u00edtica de privacitat"},"content":{"rendered":"\n<p>La vostra privacitat \u00e9s important per a nosaltres, per la qual cosa, mitjan\u00e7ant aquest document, us expliquem quines dades recollim dels usuaris, com les utilitzem i per a qu\u00e8, entre altres indicacions. Els majors de 14 anys podran registrar-se com a usuaris sense el previ consentiment dels seus pares, tutors o representants legals. En cas de menors de 14 anys o identificats com a incapa\u00e7os legalment, sempre ser\u00e0 necessari el consentiment patern, del tutor\/a o representant legal.<\/p>\n\n\n\n<p>Per a la vostra informaci\u00f3, mai sol\u00b7licitarem m\u00e9s informaci\u00f3 de la que realment necessitarem per als serveis requerits; mai la compartirem amb tercers, excepte per obligaci\u00f3 legal o amb la vostra autoritzaci\u00f3 pr\u00e8via; i mai utilitzarem les vostres dades per a una altra finalitat no indicada pr\u00e8viament.<\/p>\n\n\n\n<p>Com a Usuari, heu de llegir atentament aquesta Pol\u00edtica de Privacitat de manera regular i sempre que introdu\u00efu les vostres dades personals, ja que aquesta pot veure&#8217;s modificada. El prestador t\u00e9 facultat per realitzar canvis en la informaci\u00f3 continguda en el web amb l&#8217;objectiu de complir amb la normativa o actualitzar la present Pol\u00edtica. El prestador no t\u00e9 obligaci\u00f3 de preavisar els Usuaris sobre els canvis realitzats, sent suficient la seva publicaci\u00f3 al lloc web.<\/p>\n\n\n\n<p>RESPONSABLE DEL TRACTAMENT:<\/p>\n\n\n\n<ul class=\"wp-block-list\">\n<li>Identitat: Davima S.L. (tamb\u00e9 el prestador)<\/li>\n\n\n\n<li>NIF: B03671898<\/li>\n\n\n\n<li>Adre\u00e7a postal: CR. NAL. 340 KM. 143.6, 12500, Vinar\u00f3s, Castell\u00f3\u00a0\u00a0\u00a0\u00a0<\/li>\n\n\n\n<li>Correu electr\u00f2nic: <a href=\"mailto:contact@drivejamp.com\">contact@drivejamp.com<\/a><\/li>\n\n\n\n<li>Delegat de Protecci\u00f3 de Dades: ASERTIC CONSULTORES SL<\/li>\n\n\n\n<li>Contacte DPD: dpo@davima.net<\/li>\n<\/ul>\n\n\n\n<p>Davima S.L., com a responsable del lloc web de conformitat amb el que disposa el Reglament (UE) 2016\/679 de 27 d&#8217;abril de 2016 (RGPD) relatiu a la protecci\u00f3 de les persones f\u00edsiques pel que fa al tractament de dades personals i a la lliure circulaci\u00f3 d&#8217;aquestes dades i la resta de normativa vigent en mat\u00e8ria de protecci\u00f3 de dades personals, i amb la Llei 34\/2002, d&#8217;11 de juliol, de Serveis de la Societat de la Informaci\u00f3 i del Comer\u00e7 Electr\u00f2nic (LSSICE), us informa que t\u00e9 implementades les mesures de seguretat necess\u00e0ries, de car\u00e0cter t\u00e8cnic i organitzatiu, per garantir i protegir la confidencialitat, integritat i disponibilitat de les dades introdu\u00efdes.<\/p>\n\n\n\n<p>M\u00c8TODES D&#8217;OBTENCI\u00d3 DE LES DADES, QUINES DADES RECOLLIM i LA SEVA FINALITAT:<\/p>\n\n\n\n<p>Les dades que recollim, la forma en qu\u00e8 les obtenim i la finalitat del tractament \u00e9s la seg\u00fcent.&nbsp;<\/p>\n\n\n\n<ol class=\"wp-block-list\">\n<li>Formulari de registre:\n<ol class=\"wp-block-list\">\n<li>Dades requerides: nom i cognoms, tel\u00e8fon, adre\u00e7a, DNI, correu electr\u00f2nic, signatura, carnet de conduir.<\/li>\n\n\n\n<li>Finalitat: per a la creaci\u00f3 d&#8217;un compte d&#8217;Usuari i poder accedir a les funcionalitats del web.<\/li>\n\n\n\n<li>Legitimaci\u00f3: consentiment de l&#8217;usuari.<\/li>\n<\/ol>\n<\/li>\n\n\n\n<li>Dur a terme la relaci\u00f3 contractual i les gestions administratives, fiscals i comptables an\u00e0logues i que siguin necess\u00e0ries en virtut de la legislaci\u00f3 vigent:\n<ol class=\"wp-block-list\">\n<li>Dades requerides: nom i cognoms, tel\u00e8fon, adre\u00e7a, DNI, correu electr\u00f2nic, signatura;<\/li>\n\n\n\n<li>Finalitat: dur a terme la gesti\u00f3 comercial fiscal i administrativa interna;<\/li>\n\n\n\n<li>Legitimaci\u00f3: consentiment de l&#8217;interessat i relaci\u00f3 contractual.<\/li>\n<\/ol>\n<\/li>\n<\/ol>\n\n\n\n<p>Podeu revocar en qualsevol moment el vostre consentiment remetent un escrit amb l&#8217;assumpte \u201cBaixa\u201d al mail ressenyat.<\/p>\n\n\n\n<p>D&#8217;acord amb la LSSICE, Davima S.L. no realitza pr\u00e0ctiques de SPAM, per tant, no envia comunicacions comercials per correu electr\u00f2nic que no hagin estat pr\u00e8viament sol\u00b7licitades o autoritzades per l&#8217;Usuari. En conseq\u00fc\u00e8ncia, en totes les comunicacions que rebr\u00e0 del prestador, l&#8217;Usuari t\u00e9 la possibilitat de revocar el seu consentiment expr\u00e9s per rebre les nostres comunicacions.<\/p>\n\n\n\n<p>No tractarem les vostres dades personals per a cap altra finalitat de les descrites, excepte per obligaci\u00f3 legal o requeriment judicial.<\/p>\n\n\n\n<p>Les vostres dades personals no es tractaran per a la presa de decisions automatitzada.<\/p>\n\n\n\n<p>No facilitar les dades personals sol\u00b7licitades o no acceptar la present pol\u00edtica de privacitat suposa la impossibilitat d&#8217;aconseguir les finalitats anteriorment descrites.<\/p>\n\n\n\n<p>En els casos en qu\u00e8 hi hagi una pr\u00e8via relaci\u00f3 contractual entre les parts, la legitimaci\u00f3 per al desenvolupament de les obligacions administratives, fiscals i comptables que siguin necess\u00e0ries en virtut de la legislaci\u00f3 vigent ser\u00e0 l&#8217;exist\u00e8ncia pr\u00e8via de la relaci\u00f3 comercial establerta entre les parts.<\/p>\n\n\n\n<p>TERMINI DE CONSERVACI\u00d3 DE LES DADES:<\/p>\n\n\n\n<p>Les vostres dades es conservaran mentre duri la finalitat per a la qual van ser recollides, per obligaci\u00f3 legal o requeriment judicial, i mentre no retireu el vostre consentiment o fins que exerciu el vostre dret de supressi\u00f3 o oposici\u00f3, o limitaci\u00f3 al tractament. No obstant aix\u00f2, conservarem les vostres dades en els terminis legalment previstos en les disposicions aplicables.<\/p>\n\n\n\n<p>DESTINATARIS DE CESSIONS O TRANSFER\u00c8NCIES:<\/p>\n\n\n\n<p>La informaci\u00f3 que ens proporcioneu a trav\u00e9s d&#8217;aquest lloc web ser\u00e0 allotjada als servidors de Davima S.L., contractats a l&#8217;empresa que presta el servei d&#8217;allotjament del web. El tractament de les dades de l&#8217;entitat es troba regulat mitjan\u00e7ant un contracte d&#8217;encarregat del tractament entre el prestador i aquesta empresa.<\/p>\n\n\n\n<p>El prestador \u00fanicament facilitar\u00e0 informaci\u00f3 a les forces i cossos de seguretat sota ordre judicial o per obligaci\u00f3 d&#8217;una norma legal, sense perjudici de poder bloquejar o cancel\u00b7lar el vostre compte si hi pot haver indicis de la comissi\u00f3 d&#8217;algun delicte per part de l&#8217;usuari. La informaci\u00f3 facilitada ser\u00e0 nom\u00e9s la que disposi en aquell moment el prestador.<\/p>\n\n\n\n<p>Google Analytics: per realitzar una an\u00e0lisi i m\u00e8trica de l&#8217;\u00fas que els usuaris fan del web a trav\u00e9s de les cookies. La informaci\u00f3 que generen i recopilen aquestes cookies sobre l&#8217;\u00fas (incloent-hi l&#8217;adre\u00e7a IP) ser\u00e0 directament transmesa i arxivada per Google, Inc., ubicada a Delaware, 1600 Amphitheatre Parkway, Mountain View (Calif\u00f2rnia), CA 94043 dels Estats Units (\u00abGoogle\u00bb), als seus servidors dels Estats Units. Google, Inc. est\u00e0 adherida al Data Privacy Framework UE \u2013 EUA, aprovat per la Comissi\u00f3 Europea.<\/p>\n\n\n\n<p>Les eines i la ubicaci\u00f3 dels seus servidors s\u00f3n les seg\u00fcents:<\/p>\n\n\n\n<ul class=\"wp-block-list\">\n<li>Allotjament web, emmagatzematge i servidors backend via AMAZON WEB SERVICES (AWS) servidors d&#8217;allotjament ubicats als EUA.<\/li>\n\n\n\n<li>Email m\u00e0rqueting i automatitzacions via MAILCHIMP, els servidors dels quals estan ubicats als EUA.<\/li>\n\n\n\n<li>Enviament de SMS i comunicacions via Twilio.<\/li>\n\n\n\n<li>Verificaci\u00f3 d&#8217;identitat via Veriff.<\/li>\n\n\n\n<li>Business Intelligence \/ dashboards via Tableau.<\/li>\n\n\n\n<li>Passarel\u00b7la de pagament via Stripe.<\/li>\n<\/ul>\n\n\n\n<p>DRETS DE LES PERSONES INTERESSADES:<\/p>\n\n\n\n<p>Com a Usuari-Interessat, podeu sol\u00b7licitar l&#8217;exercici dels seg\u00fcents drets davant Davima S.L. presentant un escrit a l&#8217;adre\u00e7a postal de l&#8217;encap\u00e7alament o enviant un correu electr\u00f2nic a contact@drivejamp.com, indicant com a assumpte: \u201cPROTECCI\u00d3 DE DADES: DRETS DELS AFECTATS\u201d.<\/p>\n\n\n\n<p>Drets:<\/p>\n\n\n\n<ul class=\"wp-block-list\">\n<li>Dret d&#8217;acc\u00e9s: permet a l&#8217;interessat con\u00e8ixer i obtenir informaci\u00f3 sobre les seves dades de car\u00e0cter personal sotmeses a tractament.<\/li>\n\n\n\n<li>Dret de rectificaci\u00f3: permet corregir errors i modificar les dades que resultin ser inexactes o incompletes.<\/li>\n\n\n\n<li>Dret de supressi\u00f3: permet que se suprimeixin les dades que siguin inadequades o excessives.<\/li>\n\n\n\n<li>Dret d&#8217;oposici\u00f3: dret de l&#8217;interessat que no es dugui a terme el tractament de les seves dades de car\u00e0cter personal o que cessi el mateix.<\/li>\n\n\n\n<li>Limitaci\u00f3 del tractament: comporta el marcatge de les dades personals conservades, amb la finalitat de limitar-ne el tractament futur, per a l&#8217;exercici o la defensa de reclamacions.<\/li>\n\n\n\n<li>Portabilitat de les dades: facilitaci\u00f3 de les dades objecte de tractament a l&#8217;interessat, perqu\u00e8 aquest pugui transmetre-les a un altre responsable, sense impediments.<\/li>\n\n\n\n<li>Dret a no ser objecte de decisions individuals automatitzades (inclosa l&#8217;elaboraci\u00f3 de perfils): dret a no ser objecte d&#8217;una decisi\u00f3 basada en el tractament automatitzat que produeixi efectes o afecti significativament.<\/li>\n<\/ul>\n\n\n\n<p>Com a Usuari, teniu dret a retirar el consentiment donat en qualsevol moment. La retirada del consentiment no afectar\u00e0 la licitud del tractament efectuat abans.<\/p>\n\n\n\n<p>Tamb\u00e9 teniu dret a presentar una reclamaci\u00f3 davant l&#8217;autoritat de control si considereu que poden haver-se vist vulnerats els vostres drets en relaci\u00f3 amb la protecci\u00f3 de les vostres dades (<a href=\"http:\/\/aepd.es\">aepd.es<\/a>).<\/p>\n\n\n\n<p>INFORMACI\u00d3 ADDICIONAL SOBRE EL FUNCIONAMENT DEL SERVEI JAMP<\/p>\n\n\n\n<p>Verificaci\u00f3 d&#8217;identitat i dades facials:<\/p>\n\n\n\n<p>Per garantir la seguretat del servei de lloguer digital de vehicles i prevenir el frau o l&#8217;\u00fas indegut de la plataforma, el proc\u00e9s de registre pot requerir la verificaci\u00f3 d&#8217;identitat de l&#8217;usuari mitjan\u00e7ant:<\/p>\n\n\n\n<ul class=\"wp-block-list\">\n<li>Document d&#8217;identitat (DNI)<\/li>\n\n\n\n<li>Perm\u00eds de conduir<\/li>\n\n\n\n<li>Selfie de l&#8217;usuari per a verificaci\u00f3 facial<\/li>\n<\/ul>\n\n\n\n<p>La verificaci\u00f3 es realitza a trav\u00e9s del prove\u00efdor especialitzat Veriff. Les dades facials s&#8217;utilitzen exclusivament per confirmar que la persona que es registra coincideix amb el document d&#8217;identitat presentat. Jamp no emmagatzema plantilles biom\u00e8triques ni mant\u00e9 bases de dades de reconeixement facial.<\/p>\n\n\n\n<p>Les imatges utilitzades en el proc\u00e9s de verificaci\u00f3 poden ser conservades temporalment pel prove\u00efdor Veriff durant un per\u00edode m\u00e0xim de 12 mesos amb l&#8217;objectiu de:<\/p>\n\n\n\n<ul class=\"wp-block-list\">\n<li>Prevenci\u00f3 del frau<\/li>\n\n\n\n<li>Compliment normatiu<\/li>\n\n\n\n<li>Resoluci\u00f3 de disputes o incid\u00e8ncies<\/li>\n<\/ul>\n\n\n\n<p>Transcorregut aquest per\u00edode, les dites dades s\u00f3n eliminades d&#8217;acord amb les pol\u00edtiques del prove\u00efdor.<\/p>\n\n\n\n<p>Geolocalitzaci\u00f3 del vehicle:<\/p>\n\n\n\n<p>Els vehicles poden generar dades de localitzaci\u00f3 GPS amb la finalitat de garantir:<\/p>\n\n\n\n<ul class=\"wp-block-list\">\n<li>La seguretat de la flota<\/li>\n\n\n\n<li>La prevenci\u00f3 de robatoris<\/li>\n\n\n\n<li>El manteniment i control t\u00e8cnic del vehicle<\/li>\n<\/ul>\n\n\n\n<p>Durant una reserva activa no es realitza seguiment continu del trajecte de l&#8217;usuari, excepte en situacions excepcionals d&#8217;assist\u00e8ncia, incident t\u00e8cnic o sospita d&#8217;\u00fas fraudulent del servei.<\/p>\n\n\n\n<p>MESURES DE SEGURETAT:<\/p>\n\n\n\n<p>Les dades que ens faciliteu es tractaran de forma confidencial. El prestador ha adoptat totes les mesures t\u00e8cniques i organitzatives i tots els nivells de protecci\u00f3 necessaris per garantir la seguretat en el tractament de les dades i evitar-ne l&#8217;alteraci\u00f3, p\u00e8rdua, robatori, tractament o acc\u00e9s no autoritzat, d&#8217;acord amb l&#8217;estat de la tecnologia i la naturalesa de les dades emmagatzemades. Aix\u00ed mateix, es garanteix tamb\u00e9 que el tractament i registre en fitxers, programes, sistemes o equips, locals i centres, compleixen els requisits i condicions d&#8217;integritat i seguretat establerts en la normativa vigent.<\/p>\n\n\n\n<p>IDIOMA:<\/p>\n\n\n\n<p>L&#8217;idioma aplicable a aquesta pol\u00edtica de privacitat \u00e9s el Catal\u00e0. Per tant, en cas que hi hagu\u00e9s alguna contradicci\u00f3 en alguna de les versions facilitades en altres idiomes, prevaldr\u00e0 la versi\u00f3 en Catal\u00e0..<\/p>\n\n\n\n<p>CANVIS EN LA PRESENT POL\u00cdTICA DE PRIVACITAT:<\/p>\n\n\n\n<p>Davima S.L. es reserva el dret a modificar la present pol\u00edtica per adaptar-la a novetats legislatives o jurisprudencials.<\/p>\n\n\n\n<p>REVOCABILITAT:<\/p>\n\n\n\n<p>El consentiment prestat, tant pel tractament com per a la cessi\u00f3 de les dades dels interessats, \u00e9s revocable en qualsevol moment comunicant-se a Davima S.L. en els termes establerts en aquesta Pol\u00edtica per a l&#8217;exercici dels drets. Aquesta revocaci\u00f3 en cap cas tindr\u00e0 car\u00e0cter retroactiu.<\/p>\n\n\n\n<p>LEGISLACI\u00d3:<\/p>\n\n\n\n<p>Amb car\u00e0cter general les relacions entre Davima S.L. els Usuaris dels seus serveis telem\u00e0tics, presents en aquest web, estan sotmesos a la legislaci\u00f3 i jurisdicci\u00f3 espanyola a la qual se sotmeten expressament les parts, sent competents per a la resoluci\u00f3 de tots els conflictes derivats o relacionats amb el seu \u00fas els Jutjats i Tribunals de Castell\u00f3.<\/p>\n","protected":false},"excerpt":{"rendered":"<p>La vostra privacitat \u00e9s important per a nosaltres, per la qual cosa, mitjan\u00e7ant aquest document, us expliquem quines dades recollim [&hellip;]<\/p>\n","protected":false},"author":1,"featured_media":0,"parent":0,"menu_order":0,"comment_status":"closed","ping_status":"closed","template":"","meta":{"site-sidebar-layout":"default","site-content-layout":"","ast-site-content-layout":"default","site-content-style":"default","site-sidebar-style":"default","ast-global-header-display":"","ast-banner-title-visibility":"","ast-main-header-display":"","ast-hfb-above-header-display":"","ast-hfb-below-header-display":"","ast-hfb-mobile-header-display":"","site-post-title":"","ast-breadcrumbs-content":"","ast-featured-img":"","footer-sml-layout":"","theme-transparent-header-meta":"","adv-header-id-meta":"","stick-header-meta":"","header-above-stick-meta":"","header-main-stick-meta":"","header-below-stick-meta":"","astra-migrate-meta-layouts":"default","ast-page-background-enabled":"default","ast-page-background-meta":{"desktop":{"background-color":"var(--ast-global-color-4)","background-image":"","background-repeat":"repeat","background-position":"center center","background-size":"auto","background-attachment":"scroll","background-type":"","background-media":"","overlay-type":"","overlay-color":"","overlay-opacity":"","overlay-gradient":""},"tablet":{"background-color":"","background-image":"","background-repeat":"repeat","background-position":"center center","background-size":"auto","background-attachment":"scroll","background-type":"","background-media":"","overlay-type":"","overlay-color":"","overlay-opacity":"","overlay-gradient":""},"mobile":{"background-color":"","background-image":"","background-repeat":"repeat","background-position":"center center","background-size":"auto","background-attachment":"scroll","background-type":"","background-media":"","overlay-type":"","overlay-color":"","overlay-opacity":"","overlay-gradient":""}},"ast-content-background-meta":{"desktop":{"background-color":"var(--ast-global-color-5)","background-image":"","background-repeat":"repeat","background-position":"center center","background-size":"auto","background-attachment":"scroll","background-type":"","background-media":"","overlay-type":"","overlay-color":"","overlay-opacity":"","overlay-gradient":""},"tablet":{"background-color":"var(--ast-global-color-5)","background-image":"","background-repeat":"repeat","background-position":"center center","background-size":"auto","background-attachment":"scroll","background-type":"","background-media":"","overlay-type":"","overlay-color":"","overlay-opacity":"","overlay-gradient":""},"mobile":{"background-color":"var(--ast-global-color-5)","background-image":"","background-repeat":"repeat","background-position":"center center","background-size":"auto","background-attachment":"scroll","background-type":"","background-media":"","overlay-type":"","overlay-color":"","overlay-opacity":"","overlay-gradient":""}},"footnotes":""},"class_list":["post-4147","page","type-page","status-publish","hentry"],"yoast_head":"<!-- This site is optimized with the Yoast SEO plugin v27.1.1 - https:\/\/yoast.com\/product\/yoast-seo-wordpress\/ -->\n<title>Pol\u00edtica de privacitat - Jamp<\/title>\n<meta name=\"robots\" content=\"index, follow, max-snippet:-1, max-image-preview:large, max-video-preview:-1\" \/>\n<link rel=\"canonical\" href=\"https:\/\/www.drivejamp.com\/ca\/politica-privacitat\/\" \/>\n<meta property=\"og:locale\" content=\"ca_ES\" \/>\n<meta property=\"og:type\" content=\"article\" \/>\n<meta property=\"og:title\" content=\"Pol\u00edtica de privacitat - Jamp\" \/>\n<meta property=\"og:description\" content=\"La vostra privacitat \u00e9s important per a nosaltres, per la qual cosa, mitjan\u00e7ant aquest document, us expliquem quines dades recollim [&hellip;]\" \/>\n<meta property=\"og:url\" content=\"https:\/\/www.drivejamp.com\/ca\/politica-privacitat\/\" \/>\n<meta property=\"og:site_name\" content=\"Jamp\" \/>\n<meta property=\"article:modified_time\" content=\"2026-03-05T07:32:58+00:00\" \/>\n<meta name=\"twitter:card\" content=\"summary_large_image\" \/>\n<script type=\"application\/ld+json\" class=\"yoast-schema-graph\">{\"@context\":\"https:\/\/schema.org\",\"@graph\":[{\"@type\":\"WebPage\",\"@id\":\"https:\/\/www.drivejamp.com\/ca\/politica-privacitat\/\",\"url\":\"https:\/\/www.drivejamp.com\/ca\/politica-privacitat\/\",\"name\":\"Pol\u00edtica de privacitat - Jamp\",\"isPartOf\":{\"@id\":\"https:\/\/www.drivejamp.com\/ca\/#website\"},\"datePublished\":\"2025-07-21T11:00:08+00:00\",\"dateModified\":\"2026-03-05T07:32:58+00:00\",\"breadcrumb\":{\"@id\":\"https:\/\/www.drivejamp.com\/ca\/politica-privacitat\/#breadcrumb\"},\"inLanguage\":\"ca\",\"potentialAction\":[{\"@type\":\"ReadAction\",\"target\":[\"https:\/\/www.drivejamp.com\/ca\/politica-privacitat\/\"]}]},{\"@type\":\"BreadcrumbList\",\"@id\":\"https:\/\/www.drivejamp.com\/ca\/politica-privacitat\/#breadcrumb\",\"itemListElement\":[{\"@type\":\"ListItem\",\"position\":1,\"name\":\"Portada\",\"item\":\"https:\/\/www.drivejamp.com\/ca\/\"},{\"@type\":\"ListItem\",\"position\":2,\"name\":\"Pol\u00edtica de privacitat\"}]},{\"@type\":\"WebSite\",\"@id\":\"https:\/\/www.drivejamp.com\/ca\/#website\",\"url\":\"https:\/\/www.drivejamp.com\/ca\/\",\"name\":\"Jamp\",\"description\":\"Alquila tu coche cuando lo necesites\",\"publisher\":{\"@id\":\"https:\/\/www.drivejamp.com\/ca\/#organization\"},\"potentialAction\":[{\"@type\":\"SearchAction\",\"target\":{\"@type\":\"EntryPoint\",\"urlTemplate\":\"https:\/\/www.drivejamp.com\/ca\/?s={search_term_string}\"},\"query-input\":{\"@type\":\"PropertyValueSpecification\",\"valueRequired\":true,\"valueName\":\"search_term_string\"}}],\"inLanguage\":\"ca\"},{\"@type\":\"Organization\",\"@id\":\"https:\/\/www.drivejamp.com\/ca\/#organization\",\"name\":\"Jamp\",\"url\":\"https:\/\/www.drivejamp.com\/ca\/\",\"logo\":{\"@type\":\"ImageObject\",\"inLanguage\":\"ca\",\"@id\":\"https:\/\/www.drivejamp.com\/ca\/#\/schema\/logo\/image\/\",\"url\":\"https:\/\/www.drivejamp.com\/wp-content\/uploads\/2025\/07\/jamp-logo-1.png\",\"contentUrl\":\"https:\/\/www.drivejamp.com\/wp-content\/uploads\/2025\/07\/jamp-logo-1.png\",\"width\":328,\"height\":133,\"caption\":\"Jamp\"},\"image\":{\"@id\":\"https:\/\/www.drivejamp.com\/ca\/#\/schema\/logo\/image\/\"}}]}<\/script>\n<!-- \/ Yoast SEO plugin. -->","yoast_head_json":{"title":"Pol\u00edtica de privacitat - Jamp","robots":{"index":"index","follow":"follow","max-snippet":"max-snippet:-1","max-image-preview":"max-image-preview:large","max-video-preview":"max-video-preview:-1"},"canonical":"https:\/\/www.drivejamp.com\/ca\/politica-privacitat\/","og_locale":"ca_ES","og_type":"article","og_title":"Pol\u00edtica de privacitat - Jamp","og_description":"La vostra privacitat \u00e9s important per a nosaltres, per la qual cosa, mitjan\u00e7ant aquest document, us expliquem quines dades recollim [&hellip;]","og_url":"https:\/\/www.drivejamp.com\/ca\/politica-privacitat\/","og_site_name":"Jamp","article_modified_time":"2026-03-05T07:32:58+00:00","twitter_card":"summary_large_image","schema":{"@context":"https:\/\/schema.org","@graph":[{"@type":"WebPage","@id":"https:\/\/www.drivejamp.com\/ca\/politica-privacitat\/","url":"https:\/\/www.drivejamp.com\/ca\/politica-privacitat\/","name":"Pol\u00edtica de privacitat - Jamp","isPartOf":{"@id":"https:\/\/www.drivejamp.com\/ca\/#website"},"datePublished":"2025-07-21T11:00:08+00:00","dateModified":"2026-03-05T07:32:58+00:00","breadcrumb":{"@id":"https:\/\/www.drivejamp.com\/ca\/politica-privacitat\/#breadcrumb"},"inLanguage":"ca","potentialAction":[{"@type":"ReadAction","target":["https:\/\/www.drivejamp.com\/ca\/politica-privacitat\/"]}]},{"@type":"BreadcrumbList","@id":"https:\/\/www.drivejamp.com\/ca\/politica-privacitat\/#breadcrumb","itemListElement":[{"@type":"ListItem","position":1,"name":"Portada","item":"https:\/\/www.drivejamp.com\/ca\/"},{"@type":"ListItem","position":2,"name":"Pol\u00edtica de privacitat"}]},{"@type":"WebSite","@id":"https:\/\/www.drivejamp.com\/ca\/#website","url":"https:\/\/www.drivejamp.com\/ca\/","name":"Jamp","description":"Alquila tu coche cuando lo necesites","publisher":{"@id":"https:\/\/www.drivejamp.com\/ca\/#organization"},"potentialAction":[{"@type":"SearchAction","target":{"@type":"EntryPoint","urlTemplate":"https:\/\/www.drivejamp.com\/ca\/?s={search_term_string}"},"query-input":{"@type":"PropertyValueSpecification","valueRequired":true,"valueName":"search_term_string"}}],"inLanguage":"ca"},{"@type":"Organization","@id":"https:\/\/www.drivejamp.com\/ca\/#organization","name":"Jamp","url":"https:\/\/www.drivejamp.com\/ca\/","logo":{"@type":"ImageObject","inLanguage":"ca","@id":"https:\/\/www.drivejamp.com\/ca\/#\/schema\/logo\/image\/","url":"https:\/\/www.drivejamp.com\/wp-content\/uploads\/2025\/07\/jamp-logo-1.png","contentUrl":"https:\/\/www.drivejamp.com\/wp-content\/uploads\/2025\/07\/jamp-logo-1.png","width":328,"height":133,"caption":"Jamp"},"image":{"@id":"https:\/\/www.drivejamp.com\/ca\/#\/schema\/logo\/image\/"}}]}},"_links":{"self":[{"href":"https:\/\/www.drivejamp.com\/ca\/wp-json\/wp\/v2\/pages\/4147","targetHints":{"allow":["GET"]}}],"collection":[{"href":"https:\/\/www.drivejamp.com\/ca\/wp-json\/wp\/v2\/pages"}],"about":[{"href":"https:\/\/www.drivejamp.com\/ca\/wp-json\/wp\/v2\/types\/page"}],"author":[{"embeddable":true,"href":"https:\/\/www.drivejamp.com\/ca\/wp-json\/wp\/v2\/users\/1"}],"replies":[{"embeddable":true,"href":"https:\/\/www.drivejamp.com\/ca\/wp-json\/wp\/v2\/comments?post=4147"}],"version-history":[{"count":2,"href":"https:\/\/www.drivejamp.com\/ca\/wp-json\/wp\/v2\/pages\/4147\/revisions"}],"predecessor-version":[{"id":4659,"href":"https:\/\/www.drivejamp.com\/ca\/wp-json\/wp\/v2\/pages\/4147\/revisions\/4659"}],"wp:attachment":[{"href":"https:\/\/www.drivejamp.com\/ca\/wp-json\/wp\/v2\/media?parent=4147"}],"curies":[{"name":"wp","href":"https:\/\/api.w.org\/{rel}","templated":true}]}}