{"id":4152,"date":"2025-08-07T09:17:47","date_gmt":"2025-08-07T07:17:47","guid":{"rendered":"https:\/\/www.drivejamp.com\/aviso-legal\/"},"modified":"2025-08-11T09:53:12","modified_gmt":"2025-08-11T07:53:12","slug":"avis-legal","status":"publish","type":"page","link":"https:\/\/www.drivejamp.com\/ca\/avis-legal\/","title":{"rendered":"Avis Legal"},"content":{"rendered":"\n<p><a><\/a><a><\/a><a><\/a><a><\/a><a><strong>AV\u00cdS LEGAL<\/strong><\/a><strong><\/strong><\/p>\n\n\n\n<p>Per donar compliment a l&#8217;article 10 de la Llei 34\/2002 de Serveis de la Societat de la Informaci\u00f3 i del Comer\u00e7 Electr\u00f2nic, informem els usuaris de les nostres dades:<\/p>\n\n\n\n<ul class=\"wp-block-list\">\n<li>Denominaci\u00f3 Social:<strong> Davima S.L.<\/strong><strong><\/strong><\/li>\n\n\n\n<li>Domicili Social: <strong>CR. NAL. 340 KM. 143.6,12500,Vinar\u00f3s,Castell\u00f3n<\/strong><strong><\/strong><\/li>\n\n\n\n<li>NIF: <strong>B03671898<\/strong><strong><\/strong><\/li>\n\n\n\n<li>Tel\u00e8fon: <strong>964 452 558<\/strong><strong><\/strong><\/li>\n\n\n\n<li>E-Mail: <strong>aleix@voraoperations.com<\/strong><strong><\/strong><\/li>\n\n\n\n<li>Web: <strong>https:\/\/www.drivejamp.com\/<\/strong><strong><\/strong><\/li>\n\n\n\n<li>Dades Registrals: &#8211;<\/li>\n<\/ul>\n\n\n\n<ol class=\"wp-block-list\">\n<li><strong>OBJECTE<\/strong><\/li>\n<\/ol>\n\n\n\n<p><strong>Davima S.L. <\/strong>(des d&#8217;ara tamb\u00e9 el prestador), com a responsable del lloc web, posa a disposici\u00f3 dels usuaris el present document, que regula l&#8217;\u00fas del lloc web <strong>https:\/\/www.drivejamp.com\/<\/strong>, amb el qual pretenem donar compliment a les obligacions que disposa la Llei 34\/2002, de Serveis de la Societat de la Informaci\u00f3 i del Comer\u00e7 Electr\u00f2nic (LSSICE o LSSI), aix\u00ed com informar a tots els usuaris del lloc web respecte de quines s\u00f3n les condicions d&#8217;\u00fas d&#8217;aquest.<strong><\/strong><\/p>\n\n\n\n<p>A trav\u00e9s del web, <strong>Davima S.L. <\/strong>facilita als usuaris l&#8217;acc\u00e9s i utilitzaci\u00f3 de diferents serveis i continguts.<strong><\/strong><\/p>\n\n\n\n<p>Tota persona que accedeixi a aquesta web assumeix el paper d&#8217;usuari (en endavant l&#8217;Usuari), i implica l&#8217;acceptaci\u00f3 total i sense reserves de totes i cadascuna de les disposicions incloses en aquest Av\u00eds Legal, aix\u00ed com qualssevol altres disposicions legals que fossin d&#8217;aplicaci\u00f3.<\/p>\n\n\n\n<p>Com a Usuaris, haur\u00e0 de llegir atentament el present Av\u00eds Legal en qualsevol de les ocasions que visiti la web, ja que aquest es pot veure modificat. El prestador t\u00e9 facultat per realitzar canvis en la informaci\u00f3 continguda al web amb l&#8217;objectiu de complir amb la normativa o actualitzar la present Pol\u00edtica. El prestador no t\u00e9 obligaci\u00f3 de preavisar els Usuaris sobre els canvis realitzats, sent suficient la seva publicaci\u00f3 en el lloc web.<\/p>\n\n\n\n<p><strong>2. CONDICIONS D&#8217;ACC\u00c9S I \u00daS DEL WEB<\/strong><strong><\/strong><\/p>\n\n\n\n<p><strong>2.1. Car\u00e0cter gratu\u00eft de l&#8217;acc\u00e9s i \u00fas del web<\/strong><\/p>\n\n\n\n<p>L&#8217;\u00fas del web de <strong>Davima S.L. <\/strong>t\u00e9 car\u00e0cter gratu\u00eft per a tots els usuaris.<\/p>\n\n\n\n<p><strong>2.2. Registre d&#8217;Usuari<\/strong><strong><\/strong><\/p>\n\n\n\n<p>Amb car\u00e0cter general la prestaci\u00f3 dels Serveis no exigeix la pr\u00e8via subscripci\u00f3 o registre dels Usuaris. Tot i aix\u00ed, Davima S.L. condiciona l&#8217;\u00fas d&#8217;alguns dels serveis a l&#8217;emplenament previ del corresponent registre de l&#8217;Usuari. Aquest registre s&#8217;efectuar\u00e0 en la forma expressament indicada a la pr\u00f2pia secci\u00f3 del servei.<\/p>\n\n\n\n<p><strong>2.3. Veracitat de la informaci\u00f3<\/strong><strong><\/strong><\/p>\n\n\n\n<p>Tota la informaci\u00f3 que facilita l&#8217;Usuari ha de ser vera\u00e7. En aquests efectes, l&#8217;Usuari garanteix l&#8217;autenticitat de les dades comunicades a trav\u00e9s dels formularis per a la subscripci\u00f3 dels Serveis. Ser\u00e0 responsabilitat de l&#8217;Usuari mantenir tota la informaci\u00f3 facilitada a<strong> Davima S.L. <\/strong>permanentment actualitzada de manera que respongui, en cada moment, a la seva situaci\u00f3 real. En tot cas, l&#8217;Usuari ser\u00e0 l&#8217;\u00fanic responsable de les manifestacions falses o inexactes que realitzi i dels perjudicis que causi al prestador o a tercers.<\/p>\n\n\n\n<p><strong>2.4. Menors d&#8217;edat<\/strong><strong><\/strong><\/p>\n\n\n\n<p>Per a l&#8217;\u00fas dels Serveis, els menors d&#8217;edat han d&#8217;obtenir sempre pr\u00e8viament el consentiment dels pares, tutors o representants legals, responsables \u00faltims de tots els actes realitzats pels menors al seu c\u00e0rrec. La responsabilitat en la determinaci\u00f3 de continguts concrets als quals accedeixen els menors correspon a aquells, \u00e9s per aix\u00f2 que, si accedeixen a continguts no apropiats per a Internet, s&#8217;hauran d&#8217;establir en els seus ordinadors mecanismes, en particular programes inform\u00e0tics, filtres i bloquejos, que permetin limitar els continguts disponibles i, encara que no siguin infal\u00b7libles, s\u00f3n d&#8217; especial utilitat per controlar i restringir els materials als quals poden accedir els menors.<\/p>\n\n\n\n<p><strong>2.5. Obligaci\u00f3 de fer \u00fas correcte del web<\/strong><\/p>\n\n\n\n<p>L&#8217;Usuari es compromet a utilitzar la web de conformitat a la Llei i al present Av\u00eds Legal, aix\u00ed com la moral i els bons costums. En efecte, l&#8217;Usuari s&#8217;abstindr\u00e0 d&#8217; utilitzar la p\u00e0gina amb finalitats il\u00b7l\u00edcites o prohibides, lesives de drets i interessos de tercers, o que de qualsevol forma puguin danyar, inutilitzar, sobrecarregar, deteriorar o impedir la normal utilitzaci\u00f3 d&#8217;equips inform\u00e0tics o documents, arxius i tota classe de continguts emmagatzemats en qualsevol equip inform\u00e0tic del prestador.<\/p>\n\n\n\n<p>En particular, i a t\u00edtol indicatiu, per\u00f2 no exhaustiu, l&#8217;Usuari es compromet a no transmetre, difondre o posar a disposici\u00f3 de tercers informacions, dades, continguts, missatges, gr\u00e0fics, dibuixos, arxius de so o imatge, fotografies, enregistraments, programari i, en general, qualsevol classe de material que:<\/p>\n\n\n\n<p>&nbsp;&nbsp;&nbsp;&nbsp;&nbsp;&nbsp;&nbsp;&nbsp;&nbsp;&nbsp;&nbsp;&nbsp;&nbsp; (A) sigui contrari, menyspre\u00ef o atempti contra els drets fonamentals i les &nbsp;&nbsp;&nbsp;&nbsp;&nbsp; llibertats p\u00fabliques reconegudes constitucionalment, en tractats internacionals i &nbsp;&nbsp;&nbsp;&nbsp;&nbsp;&nbsp;&nbsp;&nbsp;&nbsp;&nbsp;&nbsp;&nbsp;&nbsp; altres normes vigents;<\/p>\n\n\n\n<p>&nbsp;&nbsp;&nbsp;&nbsp;&nbsp;&nbsp;&nbsp;&nbsp;&nbsp;&nbsp;&nbsp;&nbsp;&nbsp; (B) indueixi, inciti o promogui actuacions delictives, denigrat\u00f2ries, difamat\u00f2ries, &nbsp;&nbsp; violentes o, en general, contr\u00e0ries a la llei, a la moral i l&#8217;ordre p\u00fablic;<\/p>\n\n\n\n<p>&nbsp;&nbsp;&nbsp;&nbsp;&nbsp;&nbsp;&nbsp;&nbsp;&nbsp;&nbsp;&nbsp;&nbsp;&nbsp; (C) indueixi, inciti o promogui actuacions, actituds o pensaments discriminatoris per ra\u00f3 de sexe, ra\u00e7a, religi\u00f3, creences, edat o condici\u00f3;<\/p>\n\n\n\n<p>&nbsp;&nbsp;&nbsp;&nbsp;&nbsp;&nbsp;&nbsp;&nbsp;&nbsp;&nbsp;&nbsp;&nbsp;&nbsp; (D) sigui contrari al dret a l&#8217;honor, a la intimitat personal o familiar o la pr\u00f2pia &nbsp;&nbsp;&nbsp;&nbsp;&nbsp;&nbsp;&nbsp;&nbsp;&nbsp;&nbsp;&nbsp; imatge de les persones;<\/p>\n\n\n\n<p>&nbsp;&nbsp;&nbsp;&nbsp;&nbsp;&nbsp;&nbsp;&nbsp;&nbsp;&nbsp;&nbsp;&nbsp;&nbsp; (E) de qualsevol manera perjudiqui la credibilitat del prestador o de tercers; i<\/p>\n\n\n\n<p>&nbsp;&nbsp;&nbsp;&nbsp;&nbsp;&nbsp;&nbsp;&nbsp;&nbsp;&nbsp;&nbsp;&nbsp;&nbsp; (F) constitueixi publicitat il\u00b7l\u00edcita, enganyosa o deslleial.<\/p>\n\n\n\n<p><strong>3. EXCLUSI\u00d3 DE GARANTIES I RESPONSABILITAT<\/strong><strong><\/strong><\/p>\n\n\n\n<p>El prestador s&#8217;eximeix de qualsevol tipus de responsabilitat derivada de la informaci\u00f3 publicada al nostre lloc web, sempre que aquesta informaci\u00f3 hagi estat manipulada o introdu\u00efda per un tercer ali\u00e8.<\/p>\n\n\n\n<p>Aquesta web ha estat revisada i provada perqu\u00e8 funcioni correctament. En principi, es pot garantir el correcte funcionament els 365 dies de l&#8217;any, 24 hores al dia. No obstant aix\u00f2, el prestador no descarta la possibilitat que existeixin determinats errors de programaci\u00f3, o que succeeixin causes de for\u00e7a major, cat\u00e0strofes naturals, vagues, o circumst\u00e0ncies semblants que facin impossible l&#8217;acc\u00e9s a la p\u00e0gina web.<\/p>\n\n\n\n<p><strong>Davima S.L. <\/strong>no atorga cap garantia ni es fa responsable, en cap cas, dels danys i perjudicis de qualsevol naturalesa que puguin sortir a col\u00b7laci\u00f3 de la manca de disponibilitat, manteniment i efectiu funcionament del web o dels seus serveis i continguts; de l&#8217;exist\u00e8ncia de virus, programes maliciosos o lesius en els continguts; de l&#8217;\u00fas il\u00b7l\u00edcit,&nbsp; negligent, fraudulent o contrari a aquest Av\u00eds Legal i condicions d&#8217;\u00fas; o de la falta de licitud, qualitat, fiabilitat, utilitat i disponibilitat dels serveis prestats per tercers i posats a disposici\u00f3 dels usuaris en el lloc web.<\/p>\n\n\n\n<p>El prestador no es fa responsable sota cap concepte dels danys que puguin dimanar de l&#8217;\u00fas il\u00b7legal o indegut de la present p\u00e0gina web.<\/p>\n\n\n\n<p><strong>4. COOKIES<\/strong><strong><\/strong><\/p>\n\n\n\n<p>El lloc web del prestador pot utilitzar cookies (petits arxius d&#8217;informaci\u00f3 que el servidor envia a l&#8217;ordinador de qui accedeix a la p\u00e0gina) per dur a terme determinades funcions que s\u00f3n considerades imprescindibles per al correcte funcionament i visualitzaci\u00f3 del lloc. Les cookies utilitzades tenen, en tot cas, car\u00e0cter temporal, amb l&#8217;\u00fanica finalitat de fer m\u00e9s efica\u00e7 la navegaci\u00f3, i algunes desapareixen en acabar la sessi\u00f3 de l&#8217;usuari i d&#8217;altres duraran el termini que determina la pol\u00edtica de cookies. En cap cas s&#8217;utilitzaran les cookies per recollir informaci\u00f3 de car\u00e0cter personal sense el seu consentiment previ. Per a m\u00e9s informaci\u00f3, veure la nostra<a> Pol\u00edtica de Cookies. <\/a><a href=\"#_msocom_2\">[MM2]<\/a>&nbsp;<\/p>\n\n\n\n<p><strong>5. ENLLA\u00c7OS <em>(LINKS)<\/em><\/strong><strong><\/strong><\/p>\n\n\n\n<p>Des del lloc web \u00e9s possible que es rediriga a continguts patrocinats, anuncis i\/o enlla\u00e7os d&#8217;afiliats i\/o de terceres webs.<\/p>\n\n\n\n<p>Entre els enlla\u00e7os facilitats, hi ha la possibilitat d&#8217;informar o fer refer\u00e8ncia a productes i\/o serveis de tercers. At\u00e8s que des del web no podem controlar els continguts introdu\u00efts per tercers, <strong>Davima S.L. <\/strong>no assumeix cap tipus de responsabilitat respecte a aquests continguts, ni garanteix l&#8217;experi\u00e8ncia, integritat o qualitat dels seus productes. En tot cas, el prestador manifesta que procedir\u00e0 a la retirada immediata de redireccions a llocs web el contingut dels quals pugui contravenir la legislaci\u00f3 nacional o internacional, la moral o l&#8217;ordre p\u00fablic, i informar\u00e0 les autoritats competents sobre aquest contingut.<\/p>\n\n\n\n<p><strong>Davima S.L. <\/strong>tindr\u00e0 publicats aquests enlla\u00e7os fins que siguin eliminats o suspesos pel prestador o per l&#8217;anunciant, i no ser\u00e0 responsable, encara que aquests anuncis puguin ser indexats per altres cercadors aliens a aquesta web.<\/p>\n\n\n\n<p>El prestador no es responsabilitza de la informaci\u00f3 i continguts emmagatzemats, a t\u00edtol enunciatiu, per\u00f2 no limitatiu, en f\u00f2rums, xats, generadors de blogs, comentaris, xarxes socials o qualsevol altre mitj\u00e0 que permeti a tercers publicar continguts de forma independent a la p\u00e0gina web del prestador. No obstant aix\u00f2, i en compliment del que disposen els articles 11 i 16 de la LSSICE, el prestador es posa a disposici\u00f3 de tots els usuaris, autoritats i forces de seguretat, i col\u00b7labora de forma activa en la retirada o, quan sigui necessari, el bloqueig de tots aquells continguts que puguin afectar o contravenir la legislaci\u00f3 nacional, o internacional, drets de tercers o la moral i l&#8217;ordre p\u00fablic. En cas que l&#8217;Usuari consideri que pot existir algun contingut que pogu\u00e9s ser susceptible d&#8217;aquesta classificaci\u00f3, es prega ho notifiqui de forma immediata a l&#8217;administrador del lloc web.<\/p>\n\n\n\n<p>No obstant aix\u00f2,<strong> Davima S.L.<\/strong> l&#8217;informa que qualsevol relaci\u00f3 contractual o extracontractual que l&#8217;usuari formalitzi amb aquests tercers, afiliats o anunciants mitjan\u00e7ant el link proporcionat per aquesta web, ser\u00e0 v\u00e0lid \u00fanicament i exclusivament entre l&#8217;usuari i l&#8217;anunciant i\/o tercera persona i <strong>Davima S.L. <\/strong>no tindr\u00e0 cap tipus de responsabilitat sobre els danys o perjudicis que poguessin ser ocasionats per la prestaci\u00f3 de serveis i\/o relacions contractuals o extracontractuals realitzades entre l&#8217;usuari i els anunciants o tercers contactades a trav\u00e9s d&#8217;aquest portal, ja que el prestador nom\u00e9s actua com a intermediari o mitj\u00e0 publicitari.<\/p>\n\n\n\n<p><strong>6. PROTECCI\u00d3 DE DADES PERSONALS<\/strong><strong><\/strong><\/p>\n\n\n\n<p>El prestador est\u00e0 profundament comprom\u00e8s amb el compliment de la normativa de protecci\u00f3 de dades personals i garanteix el compliment \u00edntegre de les obligacions, aix\u00ed com la implementaci\u00f3 de les mesures de seguretat disposades en el Reglament Europeu de Protecci\u00f3 de Dades i la normativa espanyola de protecci\u00f3 de dades. Per a m\u00e9s informaci\u00f3, veure la nostra <a><u>Pol\u00edtica de Privacitat<\/u><\/a><a href=\"#_msocom_3\">[MM3]<\/a>&nbsp;.<\/p>\n\n\n\n<p><strong>7. PROPIETAT INTEL\u00b7LECTUAL I INDUSTRIAL<\/strong><strong><\/strong><\/p>\n\n\n\n<p>El lloc web, incloent-hi t\u00edtol enunciatiu, per\u00f2 no limitatiu: la programaci\u00f3, edici\u00f3, compilaci\u00f3 i altres elements necessaris per al seu funcionament, els dissenys, logotips, textos, fotografies i\/o gr\u00e0fics s\u00f3n propietat del prestador.<\/p>\n\n\n\n<p>Les fotografies contingudes al lloc web s\u00f3n propietat del prestador <a>i\/o disposen, en cas que fos necessari, de la llic\u00e8ncia o autoritzaci\u00f3 expressa per part dels autors<\/a><a href=\"#_msocom_4\">[RA4]<\/a>&nbsp;. <a>Aix\u00ed mateix, el lloc web inclou imatges que s\u00f3n lliures de drets.<\/a><a href=\"#_msocom_5\">[RA5]<\/a>&nbsp;<\/p>\n\n\n\n<p>Tots els continguts del lloc web es troben degudament protegits per la normativa de propietat intel\u00b7lectual i industrial.<\/p>\n\n\n\n<p>Independentment de la finalitat per a la qual fossin destinats, la reproducci\u00f3 total o parcial, \u00fas, distribuci\u00f3 i comunicaci\u00f3 p\u00fablica requereixen de l&#8217;autoritzaci\u00f3 escrita pr\u00e8via per part del prestador. Qualsevol \u00fas no autoritzat pr\u00e8viament per part del prestador ser\u00e0 considerat un incompliment greu dels drets de propietat intel\u00b7lectual o industrial de l&#8217;autor.<\/p>\n\n\n\n<p>Els dissenys, logotips, text i\/o gr\u00e0fics aliens al prestador i que puguin apar\u00e8ixer al lloc web, pertanyen als seus respectius propietaris, sent ells mateixos responsables de qualsevol possible controv\u00e8rsia que pogu\u00e9s esdevenir respecte als mateixos. En tot cas, el prestador compta amb l&#8217; autoritzaci\u00f3 expressa i pr\u00e8via per part dels mateixos.<\/p>\n\n\n\n<p>El prestador reconeix a favor dels seus titulars els corresponents drets de propietat industrial i intel\u00b7lectual, no implicant la menci\u00f3 o aparici\u00f3 en el lloc web, de l&#8217;exist\u00e8ncia de drets o responsabilitat del prestador sobre els mateixos, com tampoc recolzament, patrocini o recomanaci\u00f3 per part del mateix.<\/p>\n\n\n\n<p>Per realitzar qualsevol tipus d&#8217;observaci\u00f3 respecte a possibles incompliments dels drets de propietat intel\u00b7lectual o industrial, aix\u00ed com sobre qualsevol dels continguts del lloc web, pot fer-ho a trav\u00e9s del correu electr\u00f2nic a dalt ressenyat.<\/p>\n\n\n\n<p><strong>8. LLEI APLICABLE I JURISDICCI\u00d3<\/strong><strong><\/strong><\/p>\n\n\n\n<p>Per a la resoluci\u00f3 de les controv\u00e8rsies o q\u00fcestions relacionades amb la present p\u00e0gina web o de les activitats en aquesta desenvolupades, ser\u00e0 d&#8217;aplicaci\u00f3 la legislaci\u00f3 espanyola, a la qual se sotmeten expressament les parts, sent competents per a la resoluci\u00f3 de tots els conflictes derivats o relacionats amb el seu \u00fas els Jutjats i Tribunals de&nbsp; Castell\u00f3n.<\/p>\n\n\n\n<p>Avisos legals elaborats i validats per PymeLegal, S.L. &#8211; <a href=\"http:\/\/www.pymelegal.es\">www.pymelegal.es<\/a><\/p>\n\n\n\n<p><a id=\"_msocom_1\"><\/a><\/p>\n","protected":false},"excerpt":{"rendered":"<p>AV\u00cdS LEGAL Per donar compliment a l&#8217;article 10 de la Llei 34\/2002 de Serveis de la Societat de la Informaci\u00f3 [&hellip;]<\/p>\n","protected":false},"author":1,"featured_media":0,"parent":0,"menu_order":0,"comment_status":"closed","ping_status":"closed","template":"","meta":{"site-sidebar-layout":"default","site-content-layout":"","ast-site-content-layout":"default","site-content-style":"default","site-sidebar-style":"default","ast-global-header-display":"","ast-banner-title-visibility":"","ast-main-header-display":"","ast-hfb-above-header-display":"","ast-hfb-below-header-display":"","ast-hfb-mobile-header-display":"","site-post-title":"","ast-breadcrumbs-content":"","ast-featured-img":"","footer-sml-layout":"","theme-transparent-header-meta":"","adv-header-id-meta":"","stick-header-meta":"","header-above-stick-meta":"","header-main-stick-meta":"","header-below-stick-meta":"","astra-migrate-meta-layouts":"default","ast-page-background-enabled":"default","ast-page-background-meta":{"desktop":{"background-color":"var(--ast-global-color-4)","background-image":"","background-repeat":"repeat","background-position":"center center","background-size":"auto","background-attachment":"scroll","background-type":"","background-media":"","overlay-type":"","overlay-color":"","overlay-opacity":"","overlay-gradient":""},"tablet":{"background-color":"","background-image":"","background-repeat":"repeat","background-position":"center center","background-size":"auto","background-attachment":"scroll","background-type":"","background-media":"","overlay-type":"","overlay-color":"","overlay-opacity":"","overlay-gradient":""},"mobile":{"background-color":"","background-image":"","background-repeat":"repeat","background-position":"center center","background-size":"auto","background-attachment":"scroll","background-type":"","background-media":"","overlay-type":"","overlay-color":"","overlay-opacity":"","overlay-gradient":""}},"ast-content-background-meta":{"desktop":{"background-color":"var(--ast-global-color-5)","background-image":"","background-repeat":"repeat","background-position":"center center","background-size":"auto","background-attachment":"scroll","background-type":"","background-media":"","overlay-type":"","overlay-color":"","overlay-opacity":"","overlay-gradient":""},"tablet":{"background-color":"var(--ast-global-color-5)","background-image":"","background-repeat":"repeat","background-position":"center center","background-size":"auto","background-attachment":"scroll","background-type":"","background-media":"","overlay-type":"","overlay-color":"","overlay-opacity":"","overlay-gradient":""},"mobile":{"background-color":"var(--ast-global-color-5)","background-image":"","background-repeat":"repeat","background-position":"center center","background-size":"auto","background-attachment":"scroll","background-type":"","background-media":"","overlay-type":"","overlay-color":"","overlay-opacity":"","overlay-gradient":""}},"footnotes":""},"class_list":["post-4152","page","type-page","status-publish","hentry"],"yoast_head":"<!-- This site is optimized with the Yoast SEO plugin v27.1.1 - https:\/\/yoast.com\/product\/yoast-seo-wordpress\/ -->\n<title>Avis Legal - Jamp<\/title>\n<meta name=\"description\" content=\"Avis legal - Jamp\" \/>\n<meta name=\"robots\" content=\"index, follow, max-snippet:-1, max-image-preview:large, max-video-preview:-1\" \/>\n<link rel=\"canonical\" href=\"https:\/\/www.drivejamp.com\/ca\/avis-legal\/\" \/>\n<meta property=\"og:locale\" content=\"ca_ES\" \/>\n<meta property=\"og:type\" content=\"article\" \/>\n<meta property=\"og:title\" content=\"Avis Legal - Jamp\" \/>\n<meta property=\"og:description\" content=\"Avis legal - Jamp\" \/>\n<meta property=\"og:url\" content=\"https:\/\/www.drivejamp.com\/ca\/avis-legal\/\" \/>\n<meta property=\"og:site_name\" content=\"Jamp\" \/>\n<meta property=\"article:modified_time\" content=\"2025-08-11T07:53:12+00:00\" \/>\n<meta name=\"twitter:card\" content=\"summary_large_image\" \/>\n<script type=\"application\/ld+json\" class=\"yoast-schema-graph\">{\"@context\":\"https:\/\/schema.org\",\"@graph\":[{\"@type\":\"WebPage\",\"@id\":\"https:\/\/www.drivejamp.com\/ca\/avis-legal\/\",\"url\":\"https:\/\/www.drivejamp.com\/ca\/avis-legal\/\",\"name\":\"Avis Legal - Jamp\",\"isPartOf\":{\"@id\":\"https:\/\/www.drivejamp.com\/ca\/#website\"},\"datePublished\":\"2025-08-07T07:17:47+00:00\",\"dateModified\":\"2025-08-11T07:53:12+00:00\",\"description\":\"Avis legal - Jamp\",\"breadcrumb\":{\"@id\":\"https:\/\/www.drivejamp.com\/ca\/avis-legal\/#breadcrumb\"},\"inLanguage\":\"ca\",\"potentialAction\":[{\"@type\":\"ReadAction\",\"target\":[\"https:\/\/www.drivejamp.com\/ca\/avis-legal\/\"]}]},{\"@type\":\"BreadcrumbList\",\"@id\":\"https:\/\/www.drivejamp.com\/ca\/avis-legal\/#breadcrumb\",\"itemListElement\":[{\"@type\":\"ListItem\",\"position\":1,\"name\":\"Portada\",\"item\":\"https:\/\/www.drivejamp.com\/ca\/\"},{\"@type\":\"ListItem\",\"position\":2,\"name\":\"Avis Legal\"}]},{\"@type\":\"WebSite\",\"@id\":\"https:\/\/www.drivejamp.com\/ca\/#website\",\"url\":\"https:\/\/www.drivejamp.com\/ca\/\",\"name\":\"Jamp\",\"description\":\"Alquila tu coche cuando lo necesites\",\"publisher\":{\"@id\":\"https:\/\/www.drivejamp.com\/ca\/#organization\"},\"potentialAction\":[{\"@type\":\"SearchAction\",\"target\":{\"@type\":\"EntryPoint\",\"urlTemplate\":\"https:\/\/www.drivejamp.com\/ca\/?s={search_term_string}\"},\"query-input\":{\"@type\":\"PropertyValueSpecification\",\"valueRequired\":true,\"valueName\":\"search_term_string\"}}],\"inLanguage\":\"ca\"},{\"@type\":\"Organization\",\"@id\":\"https:\/\/www.drivejamp.com\/ca\/#organization\",\"name\":\"Jamp\",\"url\":\"https:\/\/www.drivejamp.com\/ca\/\",\"logo\":{\"@type\":\"ImageObject\",\"inLanguage\":\"ca\",\"@id\":\"https:\/\/www.drivejamp.com\/ca\/#\/schema\/logo\/image\/\",\"url\":\"https:\/\/www.drivejamp.com\/wp-content\/uploads\/2025\/07\/jamp-logo-1.png\",\"contentUrl\":\"https:\/\/www.drivejamp.com\/wp-content\/uploads\/2025\/07\/jamp-logo-1.png\",\"width\":328,\"height\":133,\"caption\":\"Jamp\"},\"image\":{\"@id\":\"https:\/\/www.drivejamp.com\/ca\/#\/schema\/logo\/image\/\"}}]}<\/script>\n<!-- \/ Yoast SEO plugin. -->","yoast_head_json":{"title":"Avis Legal - Jamp","description":"Avis legal - Jamp","robots":{"index":"index","follow":"follow","max-snippet":"max-snippet:-1","max-image-preview":"max-image-preview:large","max-video-preview":"max-video-preview:-1"},"canonical":"https:\/\/www.drivejamp.com\/ca\/avis-legal\/","og_locale":"ca_ES","og_type":"article","og_title":"Avis Legal - Jamp","og_description":"Avis legal - Jamp","og_url":"https:\/\/www.drivejamp.com\/ca\/avis-legal\/","og_site_name":"Jamp","article_modified_time":"2025-08-11T07:53:12+00:00","twitter_card":"summary_large_image","schema":{"@context":"https:\/\/schema.org","@graph":[{"@type":"WebPage","@id":"https:\/\/www.drivejamp.com\/ca\/avis-legal\/","url":"https:\/\/www.drivejamp.com\/ca\/avis-legal\/","name":"Avis Legal - Jamp","isPartOf":{"@id":"https:\/\/www.drivejamp.com\/ca\/#website"},"datePublished":"2025-08-07T07:17:47+00:00","dateModified":"2025-08-11T07:53:12+00:00","description":"Avis legal - Jamp","breadcrumb":{"@id":"https:\/\/www.drivejamp.com\/ca\/avis-legal\/#breadcrumb"},"inLanguage":"ca","potentialAction":[{"@type":"ReadAction","target":["https:\/\/www.drivejamp.com\/ca\/avis-legal\/"]}]},{"@type":"BreadcrumbList","@id":"https:\/\/www.drivejamp.com\/ca\/avis-legal\/#breadcrumb","itemListElement":[{"@type":"ListItem","position":1,"name":"Portada","item":"https:\/\/www.drivejamp.com\/ca\/"},{"@type":"ListItem","position":2,"name":"Avis Legal"}]},{"@type":"WebSite","@id":"https:\/\/www.drivejamp.com\/ca\/#website","url":"https:\/\/www.drivejamp.com\/ca\/","name":"Jamp","description":"Alquila tu coche cuando lo necesites","publisher":{"@id":"https:\/\/www.drivejamp.com\/ca\/#organization"},"potentialAction":[{"@type":"SearchAction","target":{"@type":"EntryPoint","urlTemplate":"https:\/\/www.drivejamp.com\/ca\/?s={search_term_string}"},"query-input":{"@type":"PropertyValueSpecification","valueRequired":true,"valueName":"search_term_string"}}],"inLanguage":"ca"},{"@type":"Organization","@id":"https:\/\/www.drivejamp.com\/ca\/#organization","name":"Jamp","url":"https:\/\/www.drivejamp.com\/ca\/","logo":{"@type":"ImageObject","inLanguage":"ca","@id":"https:\/\/www.drivejamp.com\/ca\/#\/schema\/logo\/image\/","url":"https:\/\/www.drivejamp.com\/wp-content\/uploads\/2025\/07\/jamp-logo-1.png","contentUrl":"https:\/\/www.drivejamp.com\/wp-content\/uploads\/2025\/07\/jamp-logo-1.png","width":328,"height":133,"caption":"Jamp"},"image":{"@id":"https:\/\/www.drivejamp.com\/ca\/#\/schema\/logo\/image\/"}}]}},"_links":{"self":[{"href":"https:\/\/www.drivejamp.com\/ca\/wp-json\/wp\/v2\/pages\/4152","targetHints":{"allow":["GET"]}}],"collection":[{"href":"https:\/\/www.drivejamp.com\/ca\/wp-json\/wp\/v2\/pages"}],"about":[{"href":"https:\/\/www.drivejamp.com\/ca\/wp-json\/wp\/v2\/types\/page"}],"author":[{"embeddable":true,"href":"https:\/\/www.drivejamp.com\/ca\/wp-json\/wp\/v2\/users\/1"}],"replies":[{"embeddable":true,"href":"https:\/\/www.drivejamp.com\/ca\/wp-json\/wp\/v2\/comments?post=4152"}],"version-history":[{"count":2,"href":"https:\/\/www.drivejamp.com\/ca\/wp-json\/wp\/v2\/pages\/4152\/revisions"}],"predecessor-version":[{"id":4160,"href":"https:\/\/www.drivejamp.com\/ca\/wp-json\/wp\/v2\/pages\/4152\/revisions\/4160"}],"wp:attachment":[{"href":"https:\/\/www.drivejamp.com\/ca\/wp-json\/wp\/v2\/media?parent=4152"}],"curies":[{"name":"wp","href":"https:\/\/api.w.org\/{rel}","templated":true}]}}