{"id":4141,"date":"2025-08-05T15:48:44","date_gmt":"2025-08-05T13:48:44","guid":{"rendered":"https:\/\/www.drivejamp.com\/protections\/"},"modified":"2025-12-17T08:21:13","modified_gmt":"2025-12-17T07:21:13","slug":"protections","status":"publish","type":"page","link":"https:\/\/www.drivejamp.com\/en\/protections\/","title":{"rendered":"Protections"},"content":{"rendered":"\t\t<div data-elementor-type=\"wp-page\" data-elementor-id=\"4141\" class=\"elementor elementor-4141 elementor-3936\">\n\t\t\t\t<div class=\"elementor-element elementor-element-726e4799 e-flex e-con-boxed e-con e-parent\" data-id=\"726e4799\" data-element_type=\"container\">\n\t\t\t\t\t<div class=\"e-con-inner\">\n\t\t\t\t<div class=\"elementor-element elementor-element-a6bfa1a elementor-widget elementor-widget-text-editor\" data-id=\"a6bfa1a\" data-element_type=\"widget\" data-widget_type=\"text-editor.default\">\n\t\t\t\t<div class=\"elementor-widget-container\">\n\t\t\t\t\t\t\t\t\t<p><style>\n\/* Estilos para Escritorio *\/<br \/>\n.jamp-legal-table {<br \/>\n    width: 100%;<br \/>\n    border-collapse: collapse;<br \/>\n    margin-bottom: 20px;<br \/>\n    border: 1px solid #ddd;<br \/>\n}<br \/>\n.jamp-legal-table th, .jamp-legal-table td {<br \/>\n    padding: 12px;<br \/>\n    border: 1px solid #ddd;<br \/>\n    text-align: left;<br \/>\n    vertical-align: top;<br \/>\n}<br \/>\n.jamp-legal-table th {<br \/>\n    background-color: #f4f4f4;<br \/>\n    font-weight: bold;<br \/>\n}<\/p>\n<p>\/* Estilos M\u00d3VILES: Transforma la tabla en bloques de lectura vertical *\/<br \/>\n@media screen and (max-width: 600px) {<br \/>\n    .jamp-legal-table thead {<br \/>\n        display: none; \/* Oculta los encabezados tradicionales en m\u00f3vil *\/<br \/>\n    }<br \/>\n    .jamp-legal-table tr {<br \/>\n        display: block;<br \/>\n        margin-bottom: 20px;<br \/>\n        border: 2px solid #ddd;<br \/>\n    }<br \/>\n    .jamp-legal-table td {<br \/>\n        display: block;<br \/>\n        text-align: right;<br \/>\n        padding-left: 50%;<br \/>\n        position: relative;<br \/>\n        border-bottom: 1px solid #eee;<br \/>\n    }<br \/>\n    \/* A\u00f1ade las etiquetas autom\u00e1ticamente a la izquierda en INGL\u00c9S *\/<br \/>\n    .jamp-legal-table td::before {<br \/>\n        content: attr(data-label);<br \/>\n        position: absolute;<br \/>\n        left: 10px;<br \/>\n        width: 45%;<br \/>\n        padding-right: 10px;<br \/>\n        white-space: nowrap;<br \/>\n        text-align: left;<br \/>\n        font-weight: bold;<br \/>\n    }<br \/>\n    .jamp-legal-table td:last-child {<br \/>\n        border-bottom: 0;<br \/>\n    }<br \/>\n}<br \/>\n<\/style><\/p><h2>Protections for your rental with Jamp<\/h2><p>In JampWe want you to drive with complete peace of mind. That&#8217;s why we offer you an option of protection which allows you to reduce your financial liability in case of damage to the vehicle during your booking.<\/p><h3>Options of available protections<\/h3><table class=\"jamp-legal-table\"><thead><tr><th>Type<\/th><th>\u20ac\/trip<\/th><th>Franchise<\/th><th>Coverage<\/th><\/tr><\/thead><tbody><tr><td style=\"background-color: #f9f9f9;\" data-label=\"Type\"><strong>Without protection<\/strong><\/td><td data-label=\"\u20ac\/trip\">Included (\u20ac0)<\/td><td data-label=\"Franchise\">1500\u20ac<\/td><td data-label=\"Coverage\">You take responsibility for the costs up to a maximum of \u20ac1500 in case of damage.<\/td><\/tr><tr><td style=\"background-color: #f9f9f9;\" data-label=\"Type\"><strong>Protection Total<\/strong><\/td><td data-label=\"\u20ac\/trip\">20\u20ac\/day<\/td><td data-label=\"Franchise\">0\u20ac<\/td><td data-label=\"Coverage\">With this option, your responsibility is reduced to 0\u20ac . JampIt covers all damages or theft according to the conditions.<\/td><\/tr><\/tbody><\/table><h3>What does total protection cover?<\/h3><ul><li>Damage to the bodywork, rearview mirrors, windshield and windows.<\/li><li>Damage from attempted robbery or robbery.<\/li><li>Cost of substitution in case of total theft (with prior report to the police).<\/li><li>Damage in parking or maneuvers.<\/li><\/ul><p><strong>Does not include:<\/strong> Damages caused by gross negligence, driving under the influence of alcohol or drugs, inappropriate use (For example, out of paved roads), failure to comply with the conditions of use and traffic regulations, if you are not the authorized driver and any fines that may be incurred.<\/p><h3>Frequently Asked Questions<\/h3><p><strong>Can I hire the protection later?<\/strong><br \/>Protection can only be added before you start your booking.<\/p><p>Once you begin your trip, you will not be able to change your chosen option.<\/p><p><strong>What happens if I don&#8217;t purchase any insurance and I have an accident?<\/strong><br \/>You will bear the cost of the damages up to a maximum of 1500\u20ac .<\/p><p><strong>How are damages charged?<\/strong><br \/>We review the photos from the start and end of the booking.<\/p><p>We will inform you before making any charge, providing visual evidence and the booking record.<\/p><p>Damage assessment is carried out in our own workshop or in an authorized workshop, depending on the severity.<\/p><p><strong>Is there protection for tires or glass?<\/strong><br \/>And, are included in the total protection.<\/p>\t\t\t\t\t\t\t\t<\/div>\n\t\t\t\t<\/div>\n\t\t\t\t\t<\/div>\n\t\t\t\t<\/div>\n\t\t\t\t<\/div>\n\t\t","protected":false},"excerpt":{"rendered":"<p>Protections for your rental with Jamp In JampWe want you to drive with complete peace of mind. That&#8217;s why we [&hellip;]<\/p>\n","protected":false},"author":1,"featured_media":0,"parent":0,"menu_order":0,"comment_status":"closed","ping_status":"closed","template":"","meta":{"site-sidebar-layout":"default","site-content-layout":"","ast-site-content-layout":"default","site-content-style":"default","site-sidebar-style":"default","ast-global-header-display":"","ast-banner-title-visibility":"","ast-main-header-display":"","ast-hfb-above-header-display":"","ast-hfb-below-header-display":"","ast-hfb-mobile-header-display":"","site-post-title":"","ast-breadcrumbs-content":"","ast-featured-img":"","footer-sml-layout":"","theme-transparent-header-meta":"","adv-header-id-meta":"","stick-header-meta":"","header-above-stick-meta":"","header-main-stick-meta":"","header-below-stick-meta":"","astra-migrate-meta-layouts":"default","ast-page-background-enabled":"default","ast-page-background-meta":{"desktop":{"background-color":"var(--ast-global-color-4)","background-image":"","background-repeat":"repeat","background-position":"center center","background-size":"auto","background-attachment":"scroll","background-type":"","background-media":"","overlay-type":"","overlay-color":"","overlay-opacity":"","overlay-gradient":""},"tablet":{"background-color":"","background-image":"","background-repeat":"repeat","background-position":"center center","background-size":"auto","background-attachment":"scroll","background-type":"","background-media":"","overlay-type":"","overlay-color":"","overlay-opacity":"","overlay-gradient":""},"mobile":{"background-color":"","background-image":"","background-repeat":"repeat","background-position":"center center","background-size":"auto","background-attachment":"scroll","background-type":"","background-media":"","overlay-type":"","overlay-color":"","overlay-opacity":"","overlay-gradient":""}},"ast-content-background-meta":{"desktop":{"background-color":"var(--ast-global-color-5)","background-image":"","background-repeat":"repeat","background-position":"center center","background-size":"auto","background-attachment":"scroll","background-type":"","background-media":"","overlay-type":"","overlay-color":"","overlay-opacity":"","overlay-gradient":""},"tablet":{"background-color":"var(--ast-global-color-5)","background-image":"","background-repeat":"repeat","background-position":"center center","background-size":"auto","background-attachment":"scroll","background-type":"","background-media":"","overlay-type":"","overlay-color":"","overlay-opacity":"","overlay-gradient":""},"mobile":{"background-color":"var(--ast-global-color-5)","background-image":"","background-repeat":"repeat","background-position":"center center","background-size":"auto","background-attachment":"scroll","background-type":"","background-media":"","overlay-type":"","overlay-color":"","overlay-opacity":"","overlay-gradient":""}},"footnotes":""},"class_list":["post-4141","page","type-page","status-publish","hentry"],"yoast_head":"<!-- This site is optimized with the Yoast SEO plugin v27.1.1 - https:\/\/yoast.com\/product\/yoast-seo-wordpress\/ -->\n<title>Protections - Jamp<\/title>\n<meta name=\"robots\" content=\"index, follow, max-snippet:-1, max-image-preview:large, max-video-preview:-1\" \/>\n<link rel=\"canonical\" href=\"https:\/\/www.drivejamp.com\/en\/protections\/\" \/>\n<meta property=\"og:locale\" content=\"en_US\" \/>\n<meta property=\"og:type\" content=\"article\" \/>\n<meta property=\"og:title\" content=\"Protections - Jamp\" \/>\n<meta property=\"og:description\" content=\"Protections for your rental with Jamp In JampWe want you to drive with complete peace of mind. That&#8217;s why we [&hellip;]\" \/>\n<meta property=\"og:url\" content=\"https:\/\/www.drivejamp.com\/en\/protections\/\" \/>\n<meta property=\"og:site_name\" content=\"Jamp\" \/>\n<meta property=\"article:modified_time\" content=\"2025-12-17T07:21:13+00:00\" \/>\n<meta name=\"twitter:card\" content=\"summary_large_image\" \/>\n<script type=\"application\/ld+json\" class=\"yoast-schema-graph\">{\"@context\":\"https:\/\/schema.org\",\"@graph\":[{\"@type\":\"WebPage\",\"@id\":\"https:\/\/www.drivejamp.com\/en\/protections\/\",\"url\":\"https:\/\/www.drivejamp.com\/en\/protections\/\",\"name\":\"Protections - Jamp\",\"isPartOf\":{\"@id\":\"https:\/\/www.drivejamp.com\/en\/#website\"},\"datePublished\":\"2025-08-05T13:48:44+00:00\",\"dateModified\":\"2025-12-17T07:21:13+00:00\",\"breadcrumb\":{\"@id\":\"https:\/\/www.drivejamp.com\/en\/protections\/#breadcrumb\"},\"inLanguage\":\"en-US\",\"potentialAction\":[{\"@type\":\"ReadAction\",\"target\":[\"https:\/\/www.drivejamp.com\/en\/protections\/\"]}]},{\"@type\":\"BreadcrumbList\",\"@id\":\"https:\/\/www.drivejamp.com\/en\/protections\/#breadcrumb\",\"itemListElement\":[{\"@type\":\"ListItem\",\"position\":1,\"name\":\"Portada\",\"item\":\"https:\/\/www.drivejamp.com\/en\/\"},{\"@type\":\"ListItem\",\"position\":2,\"name\":\"Protections\"}]},{\"@type\":\"WebSite\",\"@id\":\"https:\/\/www.drivejamp.com\/en\/#website\",\"url\":\"https:\/\/www.drivejamp.com\/en\/\",\"name\":\"Jamp\",\"description\":\"Alquila tu coche cuando lo necesites\",\"publisher\":{\"@id\":\"https:\/\/www.drivejamp.com\/en\/#organization\"},\"potentialAction\":[{\"@type\":\"SearchAction\",\"target\":{\"@type\":\"EntryPoint\",\"urlTemplate\":\"https:\/\/www.drivejamp.com\/en\/?s={search_term_string}\"},\"query-input\":{\"@type\":\"PropertyValueSpecification\",\"valueRequired\":true,\"valueName\":\"search_term_string\"}}],\"inLanguage\":\"en-US\"},{\"@type\":\"Organization\",\"@id\":\"https:\/\/www.drivejamp.com\/en\/#organization\",\"name\":\"Jamp\",\"url\":\"https:\/\/www.drivejamp.com\/en\/\",\"logo\":{\"@type\":\"ImageObject\",\"inLanguage\":\"en-US\",\"@id\":\"https:\/\/www.drivejamp.com\/en\/#\/schema\/logo\/image\/\",\"url\":\"https:\/\/www.drivejamp.com\/wp-content\/uploads\/2025\/07\/jamp-logo-1.png\",\"contentUrl\":\"https:\/\/www.drivejamp.com\/wp-content\/uploads\/2025\/07\/jamp-logo-1.png\",\"width\":328,\"height\":133,\"caption\":\"Jamp\"},\"image\":{\"@id\":\"https:\/\/www.drivejamp.com\/en\/#\/schema\/logo\/image\/\"}}]}<\/script>\n<!-- \/ Yoast SEO plugin. -->","yoast_head_json":{"title":"Protections - Jamp","robots":{"index":"index","follow":"follow","max-snippet":"max-snippet:-1","max-image-preview":"max-image-preview:large","max-video-preview":"max-video-preview:-1"},"canonical":"https:\/\/www.drivejamp.com\/en\/protections\/","og_locale":"en_US","og_type":"article","og_title":"Protections - Jamp","og_description":"Protections for your rental with Jamp In JampWe want you to drive with complete peace of mind. That&#8217;s why we [&hellip;]","og_url":"https:\/\/www.drivejamp.com\/en\/protections\/","og_site_name":"Jamp","article_modified_time":"2025-12-17T07:21:13+00:00","twitter_card":"summary_large_image","schema":{"@context":"https:\/\/schema.org","@graph":[{"@type":"WebPage","@id":"https:\/\/www.drivejamp.com\/en\/protections\/","url":"https:\/\/www.drivejamp.com\/en\/protections\/","name":"Protections - Jamp","isPartOf":{"@id":"https:\/\/www.drivejamp.com\/en\/#website"},"datePublished":"2025-08-05T13:48:44+00:00","dateModified":"2025-12-17T07:21:13+00:00","breadcrumb":{"@id":"https:\/\/www.drivejamp.com\/en\/protections\/#breadcrumb"},"inLanguage":"en-US","potentialAction":[{"@type":"ReadAction","target":["https:\/\/www.drivejamp.com\/en\/protections\/"]}]},{"@type":"BreadcrumbList","@id":"https:\/\/www.drivejamp.com\/en\/protections\/#breadcrumb","itemListElement":[{"@type":"ListItem","position":1,"name":"Portada","item":"https:\/\/www.drivejamp.com\/en\/"},{"@type":"ListItem","position":2,"name":"Protections"}]},{"@type":"WebSite","@id":"https:\/\/www.drivejamp.com\/en\/#website","url":"https:\/\/www.drivejamp.com\/en\/","name":"Jamp","description":"Alquila tu coche cuando lo necesites","publisher":{"@id":"https:\/\/www.drivejamp.com\/en\/#organization"},"potentialAction":[{"@type":"SearchAction","target":{"@type":"EntryPoint","urlTemplate":"https:\/\/www.drivejamp.com\/en\/?s={search_term_string}"},"query-input":{"@type":"PropertyValueSpecification","valueRequired":true,"valueName":"search_term_string"}}],"inLanguage":"en-US"},{"@type":"Organization","@id":"https:\/\/www.drivejamp.com\/en\/#organization","name":"Jamp","url":"https:\/\/www.drivejamp.com\/en\/","logo":{"@type":"ImageObject","inLanguage":"en-US","@id":"https:\/\/www.drivejamp.com\/en\/#\/schema\/logo\/image\/","url":"https:\/\/www.drivejamp.com\/wp-content\/uploads\/2025\/07\/jamp-logo-1.png","contentUrl":"https:\/\/www.drivejamp.com\/wp-content\/uploads\/2025\/07\/jamp-logo-1.png","width":328,"height":133,"caption":"Jamp"},"image":{"@id":"https:\/\/www.drivejamp.com\/en\/#\/schema\/logo\/image\/"}}]}},"_links":{"self":[{"href":"https:\/\/www.drivejamp.com\/en\/wp-json\/wp\/v2\/pages\/4141","targetHints":{"allow":["GET"]}}],"collection":[{"href":"https:\/\/www.drivejamp.com\/en\/wp-json\/wp\/v2\/pages"}],"about":[{"href":"https:\/\/www.drivejamp.com\/en\/wp-json\/wp\/v2\/types\/page"}],"author":[{"embeddable":true,"href":"https:\/\/www.drivejamp.com\/en\/wp-json\/wp\/v2\/users\/1"}],"replies":[{"embeddable":true,"href":"https:\/\/www.drivejamp.com\/en\/wp-json\/wp\/v2\/comments?post=4141"}],"version-history":[{"count":28,"href":"https:\/\/www.drivejamp.com\/en\/wp-json\/wp\/v2\/pages\/4141\/revisions"}],"predecessor-version":[{"id":4561,"href":"https:\/\/www.drivejamp.com\/en\/wp-json\/wp\/v2\/pages\/4141\/revisions\/4561"}],"wp:attachment":[{"href":"https:\/\/www.drivejamp.com\/en\/wp-json\/wp\/v2\/media?parent=4141"}],"curies":[{"name":"wp","href":"https:\/\/api.w.org\/{rel}","templated":true}]}}